{"id":136,"date":"2023-01-31T13:48:57","date_gmt":"2023-01-31T12:48:57","guid":{"rendered":"https:\/\/huettmann-metalltechnik.de\/?page_id=136"},"modified":"2023-01-31T13:53:06","modified_gmt":"2023-01-31T12:53:06","slug":"automobilindustrie","status":"publish","type":"page","link":"https:\/\/huettmann-metalltechnik.de\/?page_id=136","title":{"rendered":"Automobilindustrie"},"content":{"rendered":"\n<div class=\"wp-block-columns is-layout-flex wp-container-core-columns-is-layout-9d6595d7 wp-block-columns-is-layout-flex\">\n<div class=\"wp-block-column is-layout-flow wp-block-column-is-layout-flow\" style=\"flex-basis:66.66%\">\n<h2 class=\"wp-block-heading\">Der Kunde<\/h2>\n\n\n\n<p>.<\/p>\n\n\n\n<p>Ein international operierender Tier 1 Zulieferer f\u00fcr die Automobilindustrie, neues Werk in Nordafrika.<\/p>\n\n\n\n<p>.<\/p>\n\n\n\n<h2 class=\"wp-block-heading\">Die Aufgabenstellung<\/h2>\n\n\n\n<p>.<\/p>\n\n\n\n<p>F\u00fcr die manuelle Beschickung von Dampfautoklaven wird ein System gesucht mit folgenden Eigenschaften<\/p>\n\n\n\n<p>.<\/p>\n\n\n\n<ul class=\"wp-block-list\">\n<li>Robust<\/li>\n\n\n\n<li>Einfach zu montieren<\/li>\n\n\n\n<li>Sicher, ergonomisch<\/li>\n\n\n\n<li>Umweltfreundlcih<\/li>\n\n\n\n<li>Schnell und effektiv<\/li>\n<\/ul>\n<\/div>\n\n\n\n<div class=\"wp-block-column is-layout-flow wp-block-column-is-layout-flow\" style=\"flex-basis:33.33%\">\n<figure class=\"wp-block-image size-full\"><img loading=\"lazy\" decoding=\"async\" width=\"1000\" height=\"674\" src=\"https:\/\/huettmann-metalltechnik.de\/wp-content\/uploads\/2023\/01\/platform1-H.jpg\" alt=\"\" class=\"wp-image-137\" srcset=\"https:\/\/huettmann-metalltechnik.de\/wp-content\/uploads\/2023\/01\/platform1-H.jpg 1000w, https:\/\/huettmann-metalltechnik.de\/wp-content\/uploads\/2023\/01\/platform1-H-300x202.jpg 300w, https:\/\/huettmann-metalltechnik.de\/wp-content\/uploads\/2023\/01\/platform1-H-768x518.jpg 768w\" sizes=\"auto, (max-width: 1000px) 100vw, 1000px\" \/><\/figure>\n<\/div>\n<\/div>\n\n\n\n<div class=\"wp-block-columns is-layout-flex wp-container-core-columns-is-layout-9d6595d7 wp-block-columns-is-layout-flex\">\n<div class=\"wp-block-column is-layout-flow wp-block-column-is-layout-flow\" style=\"flex-basis:33.33%\">\n<figure class=\"wp-block-image size-large\"><img loading=\"lazy\" decoding=\"async\" width=\"1024\" height=\"573\" src=\"https:\/\/huettmann-metalltechnik.de\/wp-content\/uploads\/2023\/01\/karte-maroko-1024x573.jpg\" alt=\"\" class=\"wp-image-139\" srcset=\"https:\/\/huettmann-metalltechnik.de\/wp-content\/uploads\/2023\/01\/karte-maroko-1024x573.jpg 1024w, https:\/\/huettmann-metalltechnik.de\/wp-content\/uploads\/2023\/01\/karte-maroko-300x168.jpg 300w, https:\/\/huettmann-metalltechnik.de\/wp-content\/uploads\/2023\/01\/karte-maroko-768x430.jpg 768w, https:\/\/huettmann-metalltechnik.de\/wp-content\/uploads\/2023\/01\/karte-maroko-1536x859.jpg 1536w, https:\/\/huettmann-metalltechnik.de\/wp-content\/uploads\/2023\/01\/karte-maroko-1232x689.jpg 1232w, https:\/\/huettmann-metalltechnik.de\/wp-content\/uploads\/2023\/01\/karte-maroko.jpg 1621w\" sizes=\"auto, (max-width: 1024px) 100vw, 1024px\" \/><\/figure>\n<\/div>\n\n\n\n<div class=\"wp-block-column is-layout-flow wp-block-column-is-layout-flow\" style=\"flex-basis:66.66%\">\n<h2 class=\"wp-block-heading\">Das Konzept<\/h2>\n\n\n\n<p>.<\/p>\n\n\n\n<p>Das vorhandene, translatorische Schienensystem wies viele unn\u00f6tige Bewegungsabl\u00e4fe auf. Zum Bewegen der Kesselwagen wurden meherer Mitarbeiter ben\u00f6tigt. Der Wechselt dauerte mehrere Minuten. Abtropfendes Trennmittel machte den Boden rutschig und somit gef\u00e4hrlich.<\/p>\n\n\n\n<p>.<\/p>\n\n\n\n<p>Als Konzept wurden Karrusselle gew\u00e4hlt, mit denen die Kesselwagen sehr schnell und durch eine Person gewechselt werden k\u00f6nnen. Um das Trennmittel aufzufangen, wurden die Karrusselle auf einer Plattform mit Auffangwannen installiert. Die Einheiten wurden so konzipiert, dass die Installation vor Ort durch lokale Firmen realisiert werden konnte.<\/p>\n<\/div>\n<\/div>\n\n\n\n<div class=\"wp-block-columns is-layout-flex wp-container-core-columns-is-layout-9d6595d7 wp-block-columns-is-layout-flex\">\n<div class=\"wp-block-column is-layout-flow wp-block-column-is-layout-flow\" style=\"flex-basis:66.66%\">\n<h2 class=\"wp-block-heading\">Die Umsetzung<\/h2>\n\n\n\n<p>.<\/p>\n\n\n\n<p>Nach Durchsprache des Konzeptes wurden Meilensteine vereinbart, zu denen noch \u00c4nderungen einflie\u00dfen konnten. Jeder Schritt wurde mit klaren Zielen definiert und kommuniziert. Der Prototyp wurde in Tankenrade komplett aufgebaut und getestet.<\/p>\n<\/div>\n\n\n\n<div class=\"wp-block-column is-layout-flow wp-block-column-is-layout-flow\" style=\"flex-basis:33.33%\">\n<figure class=\"wp-block-image size-large\"><img loading=\"lazy\" decoding=\"async\" width=\"1024\" height=\"596\" src=\"https:\/\/huettmann-metalltechnik.de\/wp-content\/uploads\/2023\/01\/platform-2-H-1024x596.jpg\" alt=\"\" class=\"wp-image-143\" srcset=\"https:\/\/huettmann-metalltechnik.de\/wp-content\/uploads\/2023\/01\/platform-2-H-1024x596.jpg 1024w, https:\/\/huettmann-metalltechnik.de\/wp-content\/uploads\/2023\/01\/platform-2-H-300x175.jpg 300w, https:\/\/huettmann-metalltechnik.de\/wp-content\/uploads\/2023\/01\/platform-2-H-768x447.jpg 768w, https:\/\/huettmann-metalltechnik.de\/wp-content\/uploads\/2023\/01\/platform-2-H-1536x894.jpg 1536w, https:\/\/huettmann-metalltechnik.de\/wp-content\/uploads\/2023\/01\/platform-2-H-1232x717.jpg 1232w, https:\/\/huettmann-metalltechnik.de\/wp-content\/uploads\/2023\/01\/platform-2-H.jpg 1856w\" sizes=\"auto, (max-width: 1024px) 100vw, 1024px\" \/><\/figure>\n<\/div>\n<\/div>\n\n\n\n<div class=\"wp-block-columns is-layout-flex wp-container-core-columns-is-layout-9d6595d7 wp-block-columns-is-layout-flex\">\n<div class=\"wp-block-column is-layout-flow wp-block-column-is-layout-flow\" style=\"flex-basis:66.66%\">\n<h2 class=\"wp-block-heading\">Innovative L\u00f6sungen in Metall bedeutet hier\u2026<\/h2>\n\n\n\n<p>.<\/p>\n\n\n\n<ul class=\"wp-block-list\">\n<li>Komplette 3D Konstruktion und Simulation<\/li>\n\n\n\n<li>Verwendung von Serien- und Normteilen<\/li>\n\n\n\n<li>Viele Gleichteile<\/li>\n\n\n\n<li>Modularer Aufbau<\/li>\n\n\n\n<li>Montagekonzept von Beginn an<\/li>\n\n\n\n<li>Enger Austausch mit dem Kunden<\/li>\n\n\n\n<li>Transport und Logistik als Teil der Dienstleistung<\/li>\n<\/ul>\n<\/div>\n\n\n\n<div class=\"wp-block-column is-layout-flow wp-block-column-is-layout-flow\" style=\"flex-basis:33.33%\">\n<figure class=\"wp-block-gallery has-nested-images columns-default is-cropped wp-block-gallery-1 is-layout-flex wp-block-gallery-is-layout-flex\">\n<figure class=\"wp-block-image size-large\"><img loading=\"lazy\" decoding=\"async\" width=\"1000\" height=\"757\" data-id=\"148\" src=\"https:\/\/huettmann-metalltechnik.de\/wp-content\/uploads\/2023\/01\/platforma-detal-2.jpg\" alt=\"\" class=\"wp-image-148\" srcset=\"https:\/\/huettmann-metalltechnik.de\/wp-content\/uploads\/2023\/01\/platforma-detal-2.jpg 1000w, https:\/\/huettmann-metalltechnik.de\/wp-content\/uploads\/2023\/01\/platforma-detal-2-300x227.jpg 300w, https:\/\/huettmann-metalltechnik.de\/wp-content\/uploads\/2023\/01\/platforma-detal-2-768x581.jpg 768w\" sizes=\"auto, (max-width: 1000px) 100vw, 1000px\" \/><\/figure>\n\n\n\n<figure class=\"wp-block-image size-large\"><img loading=\"lazy\" decoding=\"async\" width=\"1000\" height=\"810\" data-id=\"147\" src=\"https:\/\/huettmann-metalltechnik.de\/wp-content\/uploads\/2023\/01\/platforma-detal-3.jpg\" alt=\"\" class=\"wp-image-147\" srcset=\"https:\/\/huettmann-metalltechnik.de\/wp-content\/uploads\/2023\/01\/platforma-detal-3.jpg 1000w, https:\/\/huettmann-metalltechnik.de\/wp-content\/uploads\/2023\/01\/platforma-detal-3-300x243.jpg 300w, https:\/\/huettmann-metalltechnik.de\/wp-content\/uploads\/2023\/01\/platforma-detal-3-768x622.jpg 768w\" sizes=\"auto, (max-width: 1000px) 100vw, 1000px\" \/><\/figure>\n\n\n\n<figure class=\"wp-block-image size-large\"><img loading=\"lazy\" decoding=\"async\" width=\"1000\" height=\"750\" data-id=\"146\" src=\"https:\/\/huettmann-metalltechnik.de\/wp-content\/uploads\/2023\/01\/platforma-detal-4.jpg\" alt=\"\" class=\"wp-image-146\" srcset=\"https:\/\/huettmann-metalltechnik.de\/wp-content\/uploads\/2023\/01\/platforma-detal-4.jpg 1000w, https:\/\/huettmann-metalltechnik.de\/wp-content\/uploads\/2023\/01\/platforma-detal-4-300x225.jpg 300w, https:\/\/huettmann-metalltechnik.de\/wp-content\/uploads\/2023\/01\/platforma-detal-4-768x576.jpg 768w\" sizes=\"auto, (max-width: 1000px) 100vw, 1000px\" \/><\/figure>\n\n\n\n<figure class=\"wp-block-image size-large\"><img loading=\"lazy\" decoding=\"async\" width=\"1000\" height=\"702\" data-id=\"145\" src=\"https:\/\/huettmann-metalltechnik.de\/wp-content\/uploads\/2023\/01\/platforma-detal-1.jpg\" alt=\"\" class=\"wp-image-145\" srcset=\"https:\/\/huettmann-metalltechnik.de\/wp-content\/uploads\/2023\/01\/platforma-detal-1.jpg 1000w, https:\/\/huettmann-metalltechnik.de\/wp-content\/uploads\/2023\/01\/platforma-detal-1-300x211.jpg 300w, https:\/\/huettmann-metalltechnik.de\/wp-content\/uploads\/2023\/01\/platforma-detal-1-768x539.jpg 768w\" sizes=\"auto, (max-width: 1000px) 100vw, 1000px\" \/><\/figure>\n<\/figure>\n<\/div>\n<\/div>\n","protected":false},"excerpt":{"rendered":"<p>Der Kunde . Ein international operierender Tier 1 Zulieferer f\u00fcr die Automobilindustrie, neues Werk in Nordafrika. . Die Aufgabenstellung . F\u00fcr die manuelle Beschickung von Dampfautoklaven wird ein System gesucht mit folgenden Eigenschaften . Das Konzept . Das vorhandene, translatorische Schienensystem wies viele unn\u00f6tige Bewegungsabl\u00e4fe auf. Zum Bewegen der Kesselwagen wurden meherer Mitarbeiter ben\u00f6tigt. Der&nbsp;&hellip;<\/p>\n","protected":false},"author":2,"featured_media":0,"parent":0,"menu_order":0,"comment_status":"closed","ping_status":"closed","template":"","meta":{"footnotes":""},"class_list":["post-136","page","type-page","status-publish","hentry"],"_links":{"self":[{"href":"https:\/\/huettmann-metalltechnik.de\/index.php?rest_route=\/wp\/v2\/pages\/136","targetHints":{"allow":["GET"]}}],"collection":[{"href":"https:\/\/huettmann-metalltechnik.de\/index.php?rest_route=\/wp\/v2\/pages"}],"about":[{"href":"https:\/\/huettmann-metalltechnik.de\/index.php?rest_route=\/wp\/v2\/types\/page"}],"author":[{"embeddable":true,"href":"https:\/\/huettmann-metalltechnik.de\/index.php?rest_route=\/wp\/v2\/users\/2"}],"replies":[{"embeddable":true,"href":"https:\/\/huettmann-metalltechnik.de\/index.php?rest_route=%2Fwp%2Fv2%2Fcomments&post=136"}],"version-history":[{"count":7,"href":"https:\/\/huettmann-metalltechnik.de\/index.php?rest_route=\/wp\/v2\/pages\/136\/revisions"}],"predecessor-version":[{"id":150,"href":"https:\/\/huettmann-metalltechnik.de\/index.php?rest_route=\/wp\/v2\/pages\/136\/revisions\/150"}],"wp:attachment":[{"href":"https:\/\/huettmann-metalltechnik.de\/index.php?rest_route=%2Fwp%2Fv2%2Fmedia&parent=136"}],"curies":[{"name":"wp","href":"https:\/\/api.w.org\/{rel}","templated":true}]}}