{"id":211,"date":"2023-01-31T14:31:10","date_gmt":"2023-01-31T13:31:10","guid":{"rendered":"https:\/\/huettmann-metalltechnik.de\/?page_id=211"},"modified":"2023-06-15T17:00:23","modified_gmt":"2023-06-15T15:00:23","slug":"machinenbau","status":"publish","type":"page","link":"https:\/\/huettmann-metalltechnik.de\/?page_id=211","title":{"rendered":"Anlagenbau"},"content":{"rendered":"<div data-label=\"Content\" data-id=\"content--1\" data-export-id=\"content-12-materialis\" data-category=\"content\" class=\"content-12m content-section\" id=\"content-1\"  style=\"background-color: rgb(245, 250, 253);\"><div > <div class=\"row middle-xs\" ><div class=\"col-md-5 col-xs-12 col-sm-6 content-left-sm full-col-left-padding col-padding\" data-type=\"column\" >  <h5 class=\"\" ><\/h5><h4 class=\"\" >Projekt: Zahnr\u00e4der f\u00fcr Handgetriebe<\/h4><h3 class=\"\" >Wof\u00fcr wird\u00b4s gebraucht?<\/h3> <p class=\"space-top-small\" >Bahnwaggons, Schieberverriegelung Bahnwaggons, Dachverriegelung Bahnwaggons\n<br ><br >\nVerzahnung f\u00fcr handbet\u00e4tigte Stirnradgetriebe, um Dachklappe f\u00fcr D\u00fcngerbahnwagons zu \u00f6ffnen.\n<br ><br >\nKundenanforderung war ein Feinkornbaustahl S355J2 verbunden mit einer Edelstahlwelle 1.4301. \n<br >Man spricht hier von einer schwarz\/wei\u00df- Verbindung.<\/p> <\/div> <div class=\"col-md-6 col-md-offset-1 col-xs-12 col-sm-6 bag-image mdc-elevation--z0\" data-bg=\"image\"  style=\"background-image: url(&quot;https:\/\/huettmann-metalltechnik.de\/wp-content\/uploads\/2023\/02\/cropped-2019-09-27-08.48.52.jpg&quot;);\"><\/div><\/div> <\/div><\/div><div data-label=\"Content\" data-id=\"content--2\" data-export-id=\"content-13-materialis\" data-category=\"content\" class=\"content-13m content-section\" id=\"content-2\"  style=\"background-color: rgb(255, 255, 255);\"><div > <div class=\"row middle-md middle-xs\" ><div class=\"col-md-6 col-xs-12 col-sm-6 bag-image mdc-elevation--z0\" data-bg=\"image\"  style=\"background-image: url(&quot;https:\/\/huettmann-metalltechnik.de\/wp-content\/uploads\/2023\/02\/2019-09-27-11.15.57.jpg&quot;);\"><\/div> <div class=\"col-md-5 col-md-offset-1 col-xs-12 col-sm-6 content-left-sm full-col-right-padding first-xs last-sm col-padding\" data-type=\"column\" >  <h3 class=\"\" >Wie wird\u00b4s gemacht?<\/h3> <p class=\"space-top-small\" >Zuschnitt der Zahnr\u00e4der und -segmente im Laserschneidverfahren, Schwei\u00dfarbeiten schwarz\/wei\u00df-Verbindung mit Verfahrenspr\u00fcfung.<\/p> <\/div> <\/div><\/div> <\/div><div data-label=\"Content\" data-id=\"content--3\" data-export-id=\"content-12-materialis\" data-category=\"content\" class=\"content-12m content-section\" id=\"content-3\"  style=\"background-color: rgb(245, 250, 253);\"><div > <div class=\"row middle-xs\" ><div class=\"col-md-5 col-xs-12 col-sm-6 content-left-sm full-col-left-padding col-padding\" data-type=\"column\" >  <h3 class=\"\" >Was zeichnet uns aus?<\/h3> <p class=\"space-top-small\" >Umsetzung der Qualit\u00e4tsrichtlinien des Kunden, Verfahrenspr\u00fcfung nach Kundenvorgabe, sehr hohe Qualit\u00e4t, teilautomatisiertes Schwei\u00dfen.<\/p> <\/div> <div class=\"col-md-6 col-md-offset-1 col-xs-12 col-sm-6 bag-image mdc-elevation--z0\" data-bg=\"image\"  style=\"background-image: url(&quot;https:\/\/huettmann-metalltechnik.de\/wp-content\/uploads\/2023\/02\/2019-09-27-11.16.08.jpg&quot;);\"><\/div><\/div> <\/div><\/div><div data-label=\"Gallery\" data-id=\"gallery--1\" data-export-id=\"gallery-1\" data-category=\"gallery\" class=\"gallery-1 content-section content-section-spacing-large\" id=\"gallery-1\"  style=\"background-color: rgb(255, 255, 255);\"><div class=\"gridContainer\" > <div class=\"row\" ><div class=\"section-title-col\" data-type=\"column\" >  <h4 class=\"\" >Projekt: Rahmen f\u00fcr Hochdruckl\u00f6scheinrichtung<\/h4><p class=\"lead\"  style=\"text-align: left;\">Aufgabenstellung: Rahmengestell nach Kundenvorgabe aus Stahl mit aufgebautem Tank mit einem Volumeninhalt von 350 L, Tankwerkstoff Edelstahl 1.4301, Schwei\u00dfn\u00e4hte von innen formiert, Tank anschlie\u00dfend im Vollbad gebeizt.<br >\nBesonderheiten: Schwei\u00dfarbeiten durch gepr\u00fcfte Schwei\u00dfer, Komplettfertigung aus einer Hand<\/p><\/div> <\/div> <div class=\"row text-center\" > <div class=\"col-xs-12\" data-editable=\"true\" data-content-shortcode=\"materialis_gallery id=&quot;materialis-gallery-1&quot; columns=&quot;2&quot; ids=&quot;642,643&quot; lb=&quot;1&quot; masonry=&quot;1&quot; size=&quot;medium&quot; link=&quot;file&quot; \" ><div id='materialis-gallery-1' class='gallery-wrapper'><style type=\"text\/css\">\n                    @media only screen and (min-width: 768px) and (max-width: 1023px) {\n                    [data-unique-id='materialis-gallery-1-69d976d913b45'] dl {\n                        float: left;\n                        width: 25% !important;\n                        max-width:  25% !important;\n                        min-width:  25% !important;\n                    }\n\n                    [data-unique-id='materialis-gallery-1-69d976d913b45'] dl:nth-of-type(4n +1 ) {\n                      clear: both;\n                      }\n                    }\n                    @media only screen and (min-width: 1024px) {\n                    [data-unique-id='materialis-gallery-1-69d976d913b45'] dl {\n                        float: left;\n                        width: 50% !important;\n                        max-width:  50% !important;\n                        min-width:  50% !important;\n                    }\n\n                    [data-unique-id='materialis-gallery-1-69d976d913b45'] dl:nth-of-type(2n +1 ) {\n                      clear: both;\n                      }\n                    }\n                <\/style><div id='materialis-gallery-1' class='materialis-gallery-1-dls-wrapper gallery-items-wrapper materialis-gallery' data-unique-id='materialis-gallery-1-69d976d913b45'><dl class='gallery-item'>\n\t\t\t<dt class='gallery-icon landscape'>\n\t\t\t\t<a data-fancybox=\"materialis-gallery-1-group\" href='https:\/\/huettmann-metalltechnik.de\/wp-content\/uploads\/2023\/03\/f1-1.jpg'><img loading=\"lazy\" decoding=\"async\"  width=\"300\" height=\"225\" src=\"https:\/\/huettmann-metalltechnik.de\/wp-content\/uploads\/2023\/03\/f1-1-300x225.jpg\"  class='materialis-gallery-1-image' alt=\"\" srcset=\"https:\/\/huettmann-metalltechnik.de\/wp-content\/uploads\/2023\/03\/f1-1-300x225.jpg 300w, https:\/\/huettmann-metalltechnik.de\/wp-content\/uploads\/2023\/03\/f1-1-768x576.jpg 768w, https:\/\/huettmann-metalltechnik.de\/wp-content\/uploads\/2023\/03\/f1-1.jpg 1000w\" sizes=\"auto, (max-width: 300px) 100vw, 300px\" \/><\/a>\n\t\t\t<\/dt><\/dl><dl class='gallery-item'>\n\t\t\t<dt class='gallery-icon landscape'>\n\t\t\t\t<a data-fancybox=\"materialis-gallery-1-group\" href='https:\/\/huettmann-metalltechnik.de\/wp-content\/uploads\/2023\/03\/f2-1.jpg'><img loading=\"lazy\" decoding=\"async\"  width=\"300\" height=\"225\" src=\"https:\/\/huettmann-metalltechnik.de\/wp-content\/uploads\/2023\/03\/f2-1-300x225.jpg\"  class='materialis-gallery-1-image' alt=\"\" srcset=\"https:\/\/huettmann-metalltechnik.de\/wp-content\/uploads\/2023\/03\/f2-1-300x225.jpg 300w, https:\/\/huettmann-metalltechnik.de\/wp-content\/uploads\/2023\/03\/f2-1-768x576.jpg 768w, https:\/\/huettmann-metalltechnik.de\/wp-content\/uploads\/2023\/03\/f2-1.jpg 1000w\" sizes=\"auto, (max-width: 300px) 100vw, 300px\" \/><\/a>\n\t\t\t<\/dt><\/dl>\n\t\t<\/div>\n<style>[data-unique-id='materialis-gallery-1-69d976d913b45'] .wp-caption-text.gallery-caption{display:none;}<\/style><\/div><\/div><\/div> <\/div><\/div><div data-label=\"Content\" data-id=\"content--4\" data-export-id=\"content-12-materialis\" data-category=\"content\" class=\"content-12m content-section\" id=\"content-4\"  style=\"background-color: rgb(245, 250, 253);\"><div > <div class=\"row middle-xs\" ><div class=\"col-md-5 col-xs-12 col-sm-6 content-left-sm full-col-left-padding col-padding\" data-type=\"column\" >  <h4 class=\"\" >Projekt: Runde Feuerl\u00f6schleitung<\/h4> <p class=\"space-top-small\" >Die Aufgabenstellung war die Herstellung einer rund gebogenen Feuerl\u00f6schleitung aus nahtlosem Edelstahlrundrohr mit 48,3mm Au\u00dfendurchmesser. Die Feuerl\u00f6schleitung wurde in einem Ringgenerator mit 14 m Durchmesser verbaut, in Teilsegmenten hergestellt. Die Toleranz im Durchmesser betrug +\/- 2mm. Auf dem Rohr wurden Gewindemuffen unter 30\u00b0 und 45\u00b0 Neigung eingeschwei\u00dft, auch hier war die Neigungstoleranz sehr eng bemessen.<br >\nDie Arbeiten durfte nur innerhalb der Schwei\u00dfzulassung durchgef\u00fchrt werden. Innenschwei\u00dfn\u00e4hte plan und eben ausgef\u00fchrt.<\/p> <\/div> <div class=\"col-md-6 col-md-offset-1 col-xs-12 col-sm-6 bag-image mdc-elevation--z0\" data-bg=\"image\"  style=\"background-image: url(&quot;https:\/\/huettmann-metalltechnik.de\/wp-content\/uploads\/2023\/03\/r1.jpg&quot;);\"><\/div><\/div> <\/div><\/div>","protected":false},"excerpt":{"rendered":"","protected":false},"author":2,"featured_media":0,"parent":0,"menu_order":0,"comment_status":"closed","ping_status":"closed","template":"pro\/page-templates\/full-width-page.php","meta":{"footnotes":""},"class_list":["post-211","page","type-page","status-publish","hentry"],"_links":{"self":[{"href":"https:\/\/huettmann-metalltechnik.de\/index.php?rest_route=\/wp\/v2\/pages\/211","targetHints":{"allow":["GET"]}}],"collection":[{"href":"https:\/\/huettmann-metalltechnik.de\/index.php?rest_route=\/wp\/v2\/pages"}],"about":[{"href":"https:\/\/huettmann-metalltechnik.de\/index.php?rest_route=\/wp\/v2\/types\/page"}],"author":[{"embeddable":true,"href":"https:\/\/huettmann-metalltechnik.de\/index.php?rest_route=\/wp\/v2\/users\/2"}],"replies":[{"embeddable":true,"href":"https:\/\/huettmann-metalltechnik.de\/index.php?rest_route=%2Fwp%2Fv2%2Fcomments&post=211"}],"version-history":[{"count":26,"href":"https:\/\/huettmann-metalltechnik.de\/index.php?rest_route=\/wp\/v2\/pages\/211\/revisions"}],"predecessor-version":[{"id":884,"href":"https:\/\/huettmann-metalltechnik.de\/index.php?rest_route=\/wp\/v2\/pages\/211\/revisions\/884"}],"wp:attachment":[{"href":"https:\/\/huettmann-metalltechnik.de\/index.php?rest_route=%2Fwp%2Fv2%2Fmedia&parent=211"}],"curies":[{"name":"wp","href":"https:\/\/api.w.org\/{rel}","templated":true}]}}